{"id":582,"date":"2020-02-17T10:13:32","date_gmt":"2020-02-17T10:13:32","guid":{"rendered":"https:\/\/robijskes.nl\/?page_id=582"},"modified":"2020-10-19T13:10:34","modified_gmt":"2020-10-19T13:10:34","slug":"nabestaandenverzekering","status":"publish","type":"page","link":"https:\/\/robijskes.nl\/?page_id=582","title":{"rendered":"Nabestaandenverzekering"},"content":{"rendered":"<p>[et_pb_section fb_built=&#8221;1&#8243; admin_label=&#8221;Hero&#8221; _builder_version=&#8221;4.3.2&#8243; background_color=&#8221;rgba(0,0,0,0)&#8221; use_background_color_gradient=&#8221;on&#8221; background_color_gradient_start=&#8221;rgba(0,0,0,0)&#8221; background_color_gradient_end=&#8221;rgba(0,0,0,0)&#8221; background_color_gradient_direction=&#8221;170deg&#8221; background_color_gradient_start_position=&#8221;1%&#8221; background_color_gradient_overlays_image=&#8221;on&#8221; background_image=&#8221;https:\/\/robijskes.nl\/wp-content\/uploads\/2020\/02\/copyright-Meneer-de-Fotograaf-11-scaled.jpg&#8221; min_height=&#8221;455px&#8221; custom_margin=&#8221;||||false|false&#8221; custom_padding=&#8221;79px||50px||false|false&#8221;][et_pb_row column_structure=&#8221;1_2,1_2&#8243; use_custom_gutter=&#8221;on&#8221; gutter_width=&#8221;2&#8243; admin_label=&#8221;Rij&#8221; _builder_version=&#8221;4.3.2&#8243; custom_margin=&#8221;49px|auto||auto||&#8221; custom_padding=&#8221;30px|||||&#8221;][et_pb_column type=&#8221;1_2&#8243; _builder_version=&#8221;3.25&#8243; custom_padding=&#8221;|||&#8221; custom_padding__hover=&#8221;|||&#8221;][et_pb_text admin_label=&#8221;Introtekst&#8221; module_class=&#8221;introblok&#8221; _builder_version=&#8221;4.3.2&#8243; text_font=&#8221;||||||||&#8221; text_text_color=&#8221;#000000&#8243; text_line_height=&#8221;2em&#8221; header_font=&#8221;||||||||&#8221; header_text_color=&#8221;#000000&#8243; header_2_text_color=&#8221;#000000&#8243; header_3_font=&#8221;Open Sans|700|||||||&#8221; header_3_text_color=&#8221;#000000&#8243; header_3_line_height=&#8221;1.6em&#8221; background_color=&#8221;rgba(255,255,255,0.7)&#8221; background_layout=&#8221;dark&#8221; custom_margin=&#8221;|||&#8221; custom_padding=&#8221;25px|30px|20px|30px|false|true&#8221; animation_style=&#8221;fold&#8221; animation_direction=&#8221;top&#8221; hover_enabled=&#8221;0&#8243; border_radii=&#8221;on|5px|5px|5px|5px&#8221; inline_fonts=&#8221;Montserrat&#8221; header_2_font_size=&#8221;23px&#8221; header_2_font_size_last_edited=&#8221;on|phone&#8221; header_2_font_size_phone=&#8221;21px&#8221;]<\/p>\n<h2>Nabestaandenverzekering<\/h2>\n<ul>\n<li>Altijd advies op maat<\/li>\n<li>Scherpe premies met de beste voorwaarden<\/li>\n<li>Persoonlijk advies door een expert<\/li>\n<\/ul>\n<p>[\/et_pb_text][\/et_pb_column][et_pb_column type=&#8221;1_2&#8243; _builder_version=&#8221;3.25&#8243; custom_padding=&#8221;|||&#8221; custom_padding__hover=&#8221;|||&#8221;][\/et_pb_column][\/et_pb_row][\/et_pb_section][et_pb_section fb_built=&#8221;1&#8243; _builder_version=&#8221;4.3.2&#8243; custom_margin=&#8221;11px||40px||false|false&#8221; custom_padding=&#8221;||0px|||&#8221; saved_tabs=&#8221;all&#8221;][et_pb_row _builder_version=&#8221;4.3.2&#8243; custom_margin=&#8221;1px|auto|22px|auto||&#8221; custom_padding=&#8221;||0px|||&#8221;][et_pb_column type=&#8221;4_4&#8243; _builder_version=&#8221;4.2.2&#8243;][et_pb_text _builder_version=&#8221;4.3.2&#8243;]<\/p>\n<div class=\"intro\">\n<h2>Nabestaandenverzekering<strong><\/strong><\/h2>\n<p>Om te voorkomen dat uw nabestaanden met financi\u00eble problemen achterblijven als u overlijdt, kunt u een nabestaandenverzekering afsluiten. Meestal heeft een overlijden direct invloed op de financi\u00eble situatie van het gezin. Er valt mogelijk een inkomen weg. Zo kan het moeilijk worden om de hypotheek te betalen of om de studie van de kinderen te bekostigen. Ook wanneer u van \u00e9\u00e9n inkomen leeft, is een nabestaandenverzekering een verstandige keuze om uw nabestaanden te behoeden voor financi\u00eble problemen. De nabestaandenverzekering is een vorm van een levensverzekering die ook wel als (overlijdens)risicoverzekering bekend staat. Wanneer u binnen de looptijd van de nabestaandenverzekering komt te overlijden, keert de verzekering eenmalig een geldsom uit aan uw nabestaanden.<\/p>\n<h4>Looptijd van de verzekering<\/h4>\n<p>U kunt zelf de looptijd van de nabestaandenverzekering bepalen. Het verzekeringsbedrag wordt alleen uitgekeerd wanneer u binnen de looptijd komt te overlijden. De meeste verzekeraars hanteren een minimale en een maximale looptijd, deze kan 5 tot 50 jaar omvatten. De voorwaarden verschillen per verzekeraar.<\/p>\n<p>Binnen de nabestaandenverzekeringen kunt u kiezen uit drie verzekeringsvormen:<\/p>\n<ul>\n<li>Gelijkblijvende nabestaandenverzekering<\/li>\n<li>Lineair dalende nabestaandenverzekering<\/li>\n<li>Annu\u00eftair dalende nabestaandenverzekering<\/li>\n<\/ul>\n<p>Welke u het best kunt kiezen? Dat zoeken wij voor u uit!<\/p>\n<\/div>\n<p>[\/et_pb_text][\/et_pb_column][\/et_pb_row][\/et_pb_section][et_pb_section fb_built=&#8221;1&#8243; admin_label=&#8221;Advies op maat&#8221; _builder_version=&#8221;4.3.2&#8243; custom_padding=&#8221;0px||0px|&#8221; animation_style=&#8221;fold&#8221; animation_direction=&#8221;bottom&#8221; animation_intensity_fold=&#8221;4%&#8221; global_module=&#8221;792&#8243; saved_tabs=&#8221;all&#8221; locked=&#8221;off&#8221;][et_pb_row column_structure=&#8221;3_5,2_5&#8243; use_custom_gutter=&#8221;on&#8221; gutter_width=&#8221;1&#8243; make_equal=&#8221;on&#8221; module_class=&#8221; et_pb_row_fullwidth robijskesfoto&#8221; _builder_version=&#8221;4.3.2&#8243; background_size=&#8221;initial&#8221; background_position=&#8221;top_left&#8221; background_repeat=&#8221;repeat&#8221; width=&#8221;100%&#8221; width_tablet=&#8221;100%&#8221; width_phone=&#8221;&#8221; width_last_edited=&#8221;on|desktop&#8221; max_width=&#8221;100%&#8221; max_width_tablet=&#8221;100%&#8221; max_width_phone=&#8221;&#8221; max_width_last_edited=&#8221;on|desktop&#8221; custom_margin=&#8221;|||&#8221; custom_padding=&#8221;0px||0px|&#8221; make_fullwidth=&#8221;on&#8221;][et_pb_column type=&#8221;3_5&#8243; _builder_version=&#8221;3.25&#8243; background_color=&#8221;#f4f4f4&#8243; background_position=&#8221;top_left&#8221; custom_padding=&#8221;8%|6%|8%|16%&#8221; custom_padding_tablet=&#8221;&#8221; custom_padding_phone=&#8221;80px|10%|80px|10%&#8221; custom_padding_last_edited=&#8221;on|desktop&#8221; custom_padding__hover=&#8221;|||&#8221;][et_pb_cta title=&#8221;Persoonlijk advies op maat&#8221; button_url=&#8221;\/wordpress\/contact&#8221; button_text=&#8221;Contact opnemen&#8221; admin_label=&#8221;Tekst met button&#8221; _builder_version=&#8221;4.3.2&#8243; header_font=&#8221;Montserrat||||&#8221; header_text_color=&#8221;#1f1f1f&#8221; header_line_height=&#8221;1.4em&#8221; body_font_size=&#8221;16&#8243; body_line_height=&#8221;1.9em&#8221; use_background_color=&#8221;off&#8221; custom_button=&#8221;on&#8221; button_text_size=&#8221;18&#8243; button_text_color=&#8221;#ffffff&#8221; button_bg_color=&#8221;#6eba01&#8243; button_border_color=&#8221;#6eba01&#8243; button_font=&#8221;Montserrat|600||on|||||&#8221; button_use_icon=&#8221;off&#8221; text_orientation=&#8221;left&#8221; background_layout=&#8221;light&#8221; max_width=&#8221;550px&#8221; module_alignment=&#8221;left&#8221; custom_margin=&#8221;|||&#8221; custom_padding=&#8221;|||&#8221; animation_style=&#8221;fold&#8221; animation_direction=&#8221;bottom&#8221; animation_intensity_fold=&#8221;15%&#8221; hover_enabled=&#8221;0&#8243; button_text_color_hover=&#8221;#6eba01&#8243; button_border_color_hover=&#8221;#6eba01&#8243; button_border_radius_hover=&#8221;0&#8243; button_letter_spacing_hover=&#8221;2&#8243; button_bg_color_hover=&#8221;rgba(0,0,0,0)&#8221; locked=&#8221;off&#8221; button_text_size__hover_enabled=&#8221;off&#8221; button_one_text_size__hover_enabled=&#8221;off&#8221; button_two_text_size__hover_enabled=&#8221;off&#8221; button_text_color__hover_enabled=&#8221;on&#8221; button_text_color__hover=&#8221;#6eba01&#8243; button_one_text_color__hover_enabled=&#8221;off&#8221; button_two_text_color__hover_enabled=&#8221;off&#8221; button_border_width__hover_enabled=&#8221;off&#8221; button_one_border_width__hover_enabled=&#8221;off&#8221; button_two_border_width__hover_enabled=&#8221;off&#8221; button_border_color__hover_enabled=&#8221;on&#8221; button_border_color__hover=&#8221;#6eba01&#8243; button_one_border_color__hover_enabled=&#8221;off&#8221; button_two_border_color__hover_enabled=&#8221;off&#8221; button_border_radius__hover_enabled=&#8221;on&#8221; button_border_radius__hover=&#8221;0&#8243; button_one_border_radius__hover_enabled=&#8221;off&#8221; button_two_border_radius__hover_enabled=&#8221;off&#8221; button_letter_spacing__hover_enabled=&#8221;on&#8221; button_letter_spacing__hover=&#8221;2&#8243; button_one_letter_spacing__hover_enabled=&#8221;off&#8221; button_two_letter_spacing__hover_enabled=&#8221;off&#8221; button_bg_color__hover_enabled=&#8221;on&#8221; button_bg_color__hover=&#8221;rgba(0,0,0,0)&#8221; button_one_bg_color__hover_enabled=&#8221;off&#8221; button_two_bg_color__hover_enabled=&#8221;off&#8221; button_border_radius=&#8221;4px&#8221; button_custom_padding=&#8221;8px|20px|8px|20px|false|false&#8221; box_shadow_style_button=&#8221;preset3&#8243;]<\/p>\n<p>Wij staan graag voor u klaar voor een persoonlijk advies op maat. Neemt u gerust vrijblijvend contact met ons op en wij staan u graag te woord.<\/p>\n<p>[\/et_pb_cta][\/et_pb_column][et_pb_column type=&#8221;2_5&#8243; _builder_version=&#8221;4.3.2&#8243; background_image=&#8221;https:\/\/robijskes.nl\/wp-content\/uploads\/2020\/02\/business-07.jpg&#8221; background_position=&#8221;top_left&#8221; custom_padding=&#8221;|||&#8221; custom_padding__hover=&#8221;|||&#8221;][\/et_pb_column][\/et_pb_row][\/et_pb_section]<\/p>\n","protected":false},"excerpt":{"rendered":"<p>[et_pb_section fb_built=&#8221;1&#8243; admin_label=&#8221;Hero&#8221; _builder_version=&#8221;4.3.2&#8243; background_color=&#8221;rgba(0,0,0,0)&#8221; use_background_color_gradient=&#8221;on&#8221; background_color_gradient_start=&#8221;rgba(0,0,0,0)&#8221; background_color_gradient_end=&#8221;rgba(0,0,0,0)&#8221; background_color_gradient_direction=&#8221;170deg&#8221; background_color_gradient_start_position=&#8221;1%&#8221; background_color_gradient_overlays_image=&#8221;on&#8221; background_image=&#8221;https:\/\/robijskes.nl\/wp-content\/uploads\/2020\/02\/copyright-Meneer-de-Fotograaf-11-scaled.jpg&#8221; min_height=&#8221;455px&#8221; custom_margin=&#8221;||||false|false&#8221; custom_padding=&#8221;79px||50px||false|false&#8221;][et_pb_row column_structure=&#8221;1_2,1_2&#8243; use_custom_gutter=&#8221;on&#8221; gutter_width=&#8221;2&#8243; admin_label=&#8221;Rij&#8221; _builder_version=&#8221;4.3.2&#8243; custom_margin=&#8221;49px|auto||auto||&#8221; custom_padding=&#8221;30px|||||&#8221;][et_pb_column type=&#8221;1_2&#8243; _builder_version=&#8221;3.25&#8243; custom_padding=&#8221;|||&#8221; custom_padding__hover=&#8221;|||&#8221;][et_pb_text admin_label=&#8221;Introtekst&#8221; module_class=&#8221;introblok&#8221; _builder_version=&#8221;4.3.2&#8243; text_font=&#8221;||||||||&#8221; text_text_color=&#8221;#000000&#8243; text_line_height=&#8221;2em&#8221; header_font=&#8221;||||||||&#8221; header_text_color=&#8221;#000000&#8243; header_2_text_color=&#8221;#000000&#8243; header_3_font=&#8221;Open Sans|700|||||||&#8221; header_3_text_color=&#8221;#000000&#8243; header_3_line_height=&#8221;1.6em&#8221; background_color=&#8221;rgba(255,255,255,0.7)&#8221; background_layout=&#8221;dark&#8221; custom_margin=&#8221;|||&#8221; custom_padding=&#8221;25px|30px|20px|30px|false|true&#8221; animation_style=&#8221;fold&#8221; animation_direction=&#8221;top&#8221; hover_enabled=&#8221;0&#8243; border_radii=&#8221;on|5px|5px|5px|5px&#8221; inline_fonts=&#8221;Montserrat&#8221; header_2_font_size=&#8221;23px&#8221; header_2_font_size_last_edited=&#8221;on|phone&#8221; header_2_font_size_phone=&#8221;21px&#8221;] Nabestaandenverzekering Altijd advies op [&hellip;]<\/p>\n","protected":false},"author":1,"featured_media":0,"parent":37,"menu_order":0,"comment_status":"closed","ping_status":"closed","template":"","meta":{"_et_pb_use_builder":"on","_et_pb_old_content":"","_et_gb_content_width":"","footnotes":""},"class_list":["post-582","page","type-page","status-publish","hentry"],"yoast_head":"<!-- This site is optimized with the Yoast SEO plugin v18.1 - https:\/\/yoast.com\/wordpress\/plugins\/seo\/ -->\n<title>Nabestaandenverzekering - Assurantiekantoor Rob IJskes<\/title>\n<meta name=\"robots\" content=\"index, follow, max-snippet:-1, max-image-preview:large, max-video-preview:-1\" \/>\n<link rel=\"canonical\" href=\"https:\/\/robijskes.nl\/?page_id=582\" \/>\n<meta property=\"og:locale\" content=\"nl_NL\" \/>\n<meta property=\"og:type\" content=\"article\" \/>\n<meta property=\"og:title\" content=\"Nabestaandenverzekering - Assurantiekantoor Rob IJskes\" \/>\n<meta property=\"og:description\" content=\"[et_pb_section fb_built=&#8221;1&#8243; admin_label=&#8221;Hero&#8221; _builder_version=&#8221;4.3.2&#8243; background_color=&#8221;rgba(0,0,0,0)&#8221; use_background_color_gradient=&#8221;on&#8221; background_color_gradient_start=&#8221;rgba(0,0,0,0)&#8221; background_color_gradient_end=&#8221;rgba(0,0,0,0)&#8221; background_color_gradient_direction=&#8221;170deg&#8221; background_color_gradient_start_position=&#8221;1%&#8221; background_color_gradient_overlays_image=&#8221;on&#8221; background_image=&#8221;https:\/\/robijskes.nl\/wp-content\/uploads\/2020\/02\/copyright-Meneer-de-Fotograaf-11-scaled.jpg&#8221; min_height=&#8221;455px&#8221; custom_margin=&#8221;||||false|false&#8221; custom_padding=&#8221;79px||50px||false|false&#8221;][et_pb_row column_structure=&#8221;1_2,1_2&#8243; use_custom_gutter=&#8221;on&#8221; gutter_width=&#8221;2&#8243; admin_label=&#8221;Rij&#8221; _builder_version=&#8221;4.3.2&#8243; custom_margin=&#8221;49px|auto||auto||&#8221; custom_padding=&#8221;30px|||||&#8221;][et_pb_column type=&#8221;1_2&#8243; _builder_version=&#8221;3.25&#8243; custom_padding=&#8221;|||&#8221; custom_padding__hover=&#8221;|||&#8221;][et_pb_text admin_label=&#8221;Introtekst&#8221; module_class=&#8221;introblok&#8221; _builder_version=&#8221;4.3.2&#8243; text_font=&#8221;||||||||&#8221; text_text_color=&#8221;#000000&#8243; text_line_height=&#8221;2em&#8221; header_font=&#8221;||||||||&#8221; header_text_color=&#8221;#000000&#8243; header_2_text_color=&#8221;#000000&#8243; header_3_font=&#8221;Open Sans|700|||||||&#8221; header_3_text_color=&#8221;#000000&#8243; header_3_line_height=&#8221;1.6em&#8221; background_color=&#8221;rgba(255,255,255,0.7)&#8221; background_layout=&#8221;dark&#8221; custom_margin=&#8221;|||&#8221; custom_padding=&#8221;25px|30px|20px|30px|false|true&#8221; animation_style=&#8221;fold&#8221; animation_direction=&#8221;top&#8221; hover_enabled=&#8221;0&#8243; border_radii=&#8221;on|5px|5px|5px|5px&#8221; inline_fonts=&#8221;Montserrat&#8221; header_2_font_size=&#8221;23px&#8221; header_2_font_size_last_edited=&#8221;on|phone&#8221; header_2_font_size_phone=&#8221;21px&#8221;] Nabestaandenverzekering Altijd advies op [&hellip;]\" \/>\n<meta property=\"og:url\" content=\"https:\/\/robijskes.nl\/?page_id=582\" \/>\n<meta property=\"og:site_name\" content=\"Assurantiekantoor Rob IJskes\" \/>\n<meta property=\"article:modified_time\" content=\"2020-10-19T13:10:34+00:00\" \/>\n<meta name=\"twitter:card\" content=\"summary_large_image\" \/>\n<meta name=\"twitter:label1\" content=\"Geschatte leestijd\" \/>\n\t<meta name=\"twitter:data1\" content=\"5 minuten\" \/>\n<script type=\"application\/ld+json\" class=\"yoast-schema-graph\">{\"@context\":\"https:\/\/schema.org\",\"@graph\":[{\"@type\":\"WebSite\",\"@id\":\"https:\/\/robijskes.nl\/#website\",\"url\":\"https:\/\/robijskes.nl\/\",\"name\":\"Assurantiekantoor Rob IJskes\",\"description\":\"Zakelijke en particuliere verzekeringen\",\"potentialAction\":[{\"@type\":\"SearchAction\",\"target\":{\"@type\":\"EntryPoint\",\"urlTemplate\":\"https:\/\/robijskes.nl\/?s={search_term_string}\"},\"query-input\":\"required name=search_term_string\"}],\"inLanguage\":\"nl-NL\"},{\"@type\":\"WebPage\",\"@id\":\"https:\/\/robijskes.nl\/?page_id=582#webpage\",\"url\":\"https:\/\/robijskes.nl\/?page_id=582\",\"name\":\"Nabestaandenverzekering - Assurantiekantoor Rob IJskes\",\"isPartOf\":{\"@id\":\"https:\/\/robijskes.nl\/#website\"},\"datePublished\":\"2020-02-17T10:13:32+00:00\",\"dateModified\":\"2020-10-19T13:10:34+00:00\",\"breadcrumb\":{\"@id\":\"https:\/\/robijskes.nl\/?page_id=582#breadcrumb\"},\"inLanguage\":\"nl-NL\",\"potentialAction\":[{\"@type\":\"ReadAction\",\"target\":[\"https:\/\/robijskes.nl\/?page_id=582\"]}]},{\"@type\":\"BreadcrumbList\",\"@id\":\"https:\/\/robijskes.nl\/?page_id=582#breadcrumb\",\"itemListElement\":[{\"@type\":\"ListItem\",\"position\":1,\"name\":\"Home\",\"item\":\"https:\/\/robijskes.nl\/\"},{\"@type\":\"ListItem\",\"position\":2,\"name\":\"Particulier\",\"item\":\"https:\/\/robijskes.nl\/?page_id=37\"},{\"@type\":\"ListItem\",\"position\":3,\"name\":\"Nabestaandenverzekering\"}]}]}<\/script>\n<!-- \/ Yoast SEO plugin. -->","yoast_head_json":{"title":"Nabestaandenverzekering - Assurantiekantoor Rob IJskes","robots":{"index":"index","follow":"follow","max-snippet":"max-snippet:-1","max-image-preview":"max-image-preview:large","max-video-preview":"max-video-preview:-1"},"canonical":"https:\/\/robijskes.nl\/?page_id=582","og_locale":"nl_NL","og_type":"article","og_title":"Nabestaandenverzekering - Assurantiekantoor Rob IJskes","og_description":"[et_pb_section fb_built=&#8221;1&#8243; admin_label=&#8221;Hero&#8221; _builder_version=&#8221;4.3.2&#8243; background_color=&#8221;rgba(0,0,0,0)&#8221; use_background_color_gradient=&#8221;on&#8221; background_color_gradient_start=&#8221;rgba(0,0,0,0)&#8221; background_color_gradient_end=&#8221;rgba(0,0,0,0)&#8221; background_color_gradient_direction=&#8221;170deg&#8221; background_color_gradient_start_position=&#8221;1%&#8221; background_color_gradient_overlays_image=&#8221;on&#8221; background_image=&#8221;https:\/\/robijskes.nl\/wp-content\/uploads\/2020\/02\/copyright-Meneer-de-Fotograaf-11-scaled.jpg&#8221; min_height=&#8221;455px&#8221; custom_margin=&#8221;||||false|false&#8221; custom_padding=&#8221;79px||50px||false|false&#8221;][et_pb_row column_structure=&#8221;1_2,1_2&#8243; use_custom_gutter=&#8221;on&#8221; gutter_width=&#8221;2&#8243; admin_label=&#8221;Rij&#8221; _builder_version=&#8221;4.3.2&#8243; custom_margin=&#8221;49px|auto||auto||&#8221; custom_padding=&#8221;30px|||||&#8221;][et_pb_column type=&#8221;1_2&#8243; _builder_version=&#8221;3.25&#8243; custom_padding=&#8221;|||&#8221; custom_padding__hover=&#8221;|||&#8221;][et_pb_text admin_label=&#8221;Introtekst&#8221; module_class=&#8221;introblok&#8221; _builder_version=&#8221;4.3.2&#8243; text_font=&#8221;||||||||&#8221; text_text_color=&#8221;#000000&#8243; text_line_height=&#8221;2em&#8221; header_font=&#8221;||||||||&#8221; header_text_color=&#8221;#000000&#8243; header_2_text_color=&#8221;#000000&#8243; header_3_font=&#8221;Open Sans|700|||||||&#8221; header_3_text_color=&#8221;#000000&#8243; header_3_line_height=&#8221;1.6em&#8221; background_color=&#8221;rgba(255,255,255,0.7)&#8221; background_layout=&#8221;dark&#8221; custom_margin=&#8221;|||&#8221; custom_padding=&#8221;25px|30px|20px|30px|false|true&#8221; animation_style=&#8221;fold&#8221; animation_direction=&#8221;top&#8221; hover_enabled=&#8221;0&#8243; border_radii=&#8221;on|5px|5px|5px|5px&#8221; inline_fonts=&#8221;Montserrat&#8221; header_2_font_size=&#8221;23px&#8221; header_2_font_size_last_edited=&#8221;on|phone&#8221; header_2_font_size_phone=&#8221;21px&#8221;] Nabestaandenverzekering Altijd advies op [&hellip;]","og_url":"https:\/\/robijskes.nl\/?page_id=582","og_site_name":"Assurantiekantoor Rob IJskes","article_modified_time":"2020-10-19T13:10:34+00:00","twitter_card":"summary_large_image","twitter_misc":{"Geschatte leestijd":"5 minuten"},"schema":{"@context":"https:\/\/schema.org","@graph":[{"@type":"WebSite","@id":"https:\/\/robijskes.nl\/#website","url":"https:\/\/robijskes.nl\/","name":"Assurantiekantoor Rob IJskes","description":"Zakelijke en particuliere verzekeringen","potentialAction":[{"@type":"SearchAction","target":{"@type":"EntryPoint","urlTemplate":"https:\/\/robijskes.nl\/?s={search_term_string}"},"query-input":"required name=search_term_string"}],"inLanguage":"nl-NL"},{"@type":"WebPage","@id":"https:\/\/robijskes.nl\/?page_id=582#webpage","url":"https:\/\/robijskes.nl\/?page_id=582","name":"Nabestaandenverzekering - Assurantiekantoor Rob IJskes","isPartOf":{"@id":"https:\/\/robijskes.nl\/#website"},"datePublished":"2020-02-17T10:13:32+00:00","dateModified":"2020-10-19T13:10:34+00:00","breadcrumb":{"@id":"https:\/\/robijskes.nl\/?page_id=582#breadcrumb"},"inLanguage":"nl-NL","potentialAction":[{"@type":"ReadAction","target":["https:\/\/robijskes.nl\/?page_id=582"]}]},{"@type":"BreadcrumbList","@id":"https:\/\/robijskes.nl\/?page_id=582#breadcrumb","itemListElement":[{"@type":"ListItem","position":1,"name":"Home","item":"https:\/\/robijskes.nl\/"},{"@type":"ListItem","position":2,"name":"Particulier","item":"https:\/\/robijskes.nl\/?page_id=37"},{"@type":"ListItem","position":3,"name":"Nabestaandenverzekering"}]}]}},"_links":{"self":[{"href":"https:\/\/robijskes.nl\/index.php?rest_route=\/wp\/v2\/pages\/582"}],"collection":[{"href":"https:\/\/robijskes.nl\/index.php?rest_route=\/wp\/v2\/pages"}],"about":[{"href":"https:\/\/robijskes.nl\/index.php?rest_route=\/wp\/v2\/types\/page"}],"author":[{"embeddable":true,"href":"https:\/\/robijskes.nl\/index.php?rest_route=\/wp\/v2\/users\/1"}],"replies":[{"embeddable":true,"href":"https:\/\/robijskes.nl\/index.php?rest_route=%2Fwp%2Fv2%2Fcomments&post=582"}],"version-history":[{"count":5,"href":"https:\/\/robijskes.nl\/index.php?rest_route=\/wp\/v2\/pages\/582\/revisions"}],"predecessor-version":[{"id":1231,"href":"https:\/\/robijskes.nl\/index.php?rest_route=\/wp\/v2\/pages\/582\/revisions\/1231"}],"up":[{"embeddable":true,"href":"https:\/\/robijskes.nl\/index.php?rest_route=\/wp\/v2\/pages\/37"}],"wp:attachment":[{"href":"https:\/\/robijskes.nl\/index.php?rest_route=%2Fwp%2Fv2%2Fmedia&parent=582"}],"curies":[{"name":"wp","href":"https:\/\/api.w.org\/{rel}","templated":true}]}}